{"id":2,"date":"2022-07-25T14:18:40","date_gmt":"2022-07-25T12:18:40","guid":{"rendered":"http:\/\/libamix.uxtivity.com\/?page_id=2"},"modified":"2026-02-26T16:34:37","modified_gmt":"2026-02-26T15:34:37","slug":"sample-page","status":"publish","type":"page","link":"https:\/\/big-bag.pl\/en\/","title":{"rendered":"Home"},"content":{"rendered":"","protected":false},"excerpt":{"rendered":"","protected":false},"author":1,"featured_media":0,"parent":0,"menu_order":0,"comment_status":"closed","ping_status":"open","template":"","meta":{"_acf_changed":false,"footnotes":""},"class_list":["post-2","page","type-page","status-publish","hentry"],"acf":[],"yoast_head":"<!-- This site is optimized with the Yoast SEO plugin v27.3 - https:\/\/yoast.com\/product\/yoast-seo-wordpress\/ -->\n<title>Worki big bag \u2022 producent work\u00f3w big bag \u2022 Libamix<\/title>\n<meta name=\"description\" content=\"Szukasz wytrzyma\u0142ych work\u00f3w Big Bag? Libamix to producent oferuj\u0105cy rozwi\u0105zania szyte na miar\u0119. Sprawd\u017a nasze worki standardowe i na zam\u00f3wienie. Szybka dostawa!\" \/>\n<meta name=\"robots\" content=\"index, follow, max-snippet:-1, max-image-preview:large, max-video-preview:-1\" \/>\n<link rel=\"canonical\" href=\"https:\/\/big-bag.pl\/en\/\" \/>\n<meta property=\"og:locale\" content=\"en_US\" \/>\n<meta property=\"og:type\" content=\"article\" \/>\n<meta property=\"og:title\" content=\"Worki big bag \u2022 producent work\u00f3w big bag \u2022 Libamix\" \/>\n<meta property=\"og:description\" content=\"Szukasz wytrzyma\u0142ych work\u00f3w Big Bag? Libamix to producent oferuj\u0105cy rozwi\u0105zania szyte na miar\u0119. Sprawd\u017a nasze worki standardowe i na zam\u00f3wienie. Szybka dostawa!\" \/>\n<meta property=\"og:url\" content=\"https:\/\/big-bag.pl\/en\/\" \/>\n<meta property=\"og:site_name\" content=\"Libamix\" \/>\n<meta property=\"article:modified_time\" content=\"2026-02-26T15:34:37+00:00\" \/>\n<meta name=\"twitter:card\" content=\"summary_large_image\" \/>\n<meta name=\"twitter:label1\" content=\"Est. reading time\" \/>\n\t<meta name=\"twitter:data1\" content=\"14 minutes\" \/>\n<script type=\"application\/ld+json\" class=\"yoast-schema-graph\">{\"@context\":\"https:\\\/\\\/schema.org\",\"@graph\":[{\"@type\":\"WebPage\",\"@id\":\"https:\\\/\\\/big-bag.pl\\\/\",\"url\":\"https:\\\/\\\/big-bag.pl\\\/\",\"name\":\"Worki big bag \u2022 producent work\u00f3w big bag \u2022 Libamix\",\"isPartOf\":{\"@id\":\"https:\\\/\\\/big-bag.pl\\\/#website\"},\"datePublished\":\"2022-07-25T12:18:40+00:00\",\"dateModified\":\"2026-02-26T15:34:37+00:00\",\"description\":\"Szukasz wytrzyma\u0142ych work\u00f3w Big Bag? Libamix to producent oferuj\u0105cy rozwi\u0105zania szyte na miar\u0119. Sprawd\u017a nasze worki standardowe i na zam\u00f3wienie. Szybka dostawa!\",\"breadcrumb\":{\"@id\":\"https:\\\/\\\/big-bag.pl\\\/#breadcrumb\"},\"inLanguage\":\"en-US\",\"potentialAction\":[{\"@type\":\"ReadAction\",\"target\":[\"https:\\\/\\\/big-bag.pl\\\/\"]}]},{\"@type\":\"BreadcrumbList\",\"@id\":\"https:\\\/\\\/big-bag.pl\\\/#breadcrumb\",\"itemListElement\":[{\"@type\":\"ListItem\",\"position\":1,\"name\":\"Strona g\u0142\u00f3wna\",\"item\":\"https:\\\/\\\/big-bag.pl\\\/\"},{\"@type\":\"ListItem\",\"position\":2,\"name\":\"Home\"}]},{\"@type\":\"WebSite\",\"@id\":\"https:\\\/\\\/big-bag.pl\\\/#website\",\"url\":\"https:\\\/\\\/big-bag.pl\\\/\",\"name\":\"Libamix\",\"description\":\"\",\"publisher\":{\"@id\":\"https:\\\/\\\/big-bag.pl\\\/#organization\"},\"potentialAction\":[{\"@type\":\"SearchAction\",\"target\":{\"@type\":\"EntryPoint\",\"urlTemplate\":\"https:\\\/\\\/big-bag.pl\\\/?s={search_term_string}\"},\"query-input\":{\"@type\":\"PropertyValueSpecification\",\"valueRequired\":true,\"valueName\":\"search_term_string\"}}],\"inLanguage\":\"en-US\"},{\"@type\":\"Organization\",\"@id\":\"https:\\\/\\\/big-bag.pl\\\/#organization\",\"name\":\"Libamix\",\"url\":\"https:\\\/\\\/big-bag.pl\\\/\",\"logo\":{\"@type\":\"ImageObject\",\"inLanguage\":\"en-US\",\"@id\":\"https:\\\/\\\/big-bag.pl\\\/#\\\/schema\\\/logo\\\/image\\\/\",\"url\":\"https:\\\/\\\/big-bag.pl\\\/wp-content\\\/uploads\\\/2023\\\/11\\\/cropped-Favicon.png\",\"contentUrl\":\"https:\\\/\\\/big-bag.pl\\\/wp-content\\\/uploads\\\/2023\\\/11\\\/cropped-Favicon.png\",\"width\":512,\"height\":512,\"caption\":\"Libamix\"},\"image\":{\"@id\":\"https:\\\/\\\/big-bag.pl\\\/#\\\/schema\\\/logo\\\/image\\\/\"}}]}<\/script>\n<!-- \/ Yoast SEO plugin. -->","yoast_head_json":{"title":"Worki big bag \u2022 producent work\u00f3w big bag \u2022 Libamix","description":"Szukasz wytrzyma\u0142ych work\u00f3w Big Bag? Libamix to producent oferuj\u0105cy rozwi\u0105zania szyte na miar\u0119. Sprawd\u017a nasze worki standardowe i na zam\u00f3wienie. Szybka dostawa!","robots":{"index":"index","follow":"follow","max-snippet":"max-snippet:-1","max-image-preview":"max-image-preview:large","max-video-preview":"max-video-preview:-1"},"canonical":"https:\/\/big-bag.pl\/en\/","og_locale":"en_US","og_type":"article","og_title":"Worki big bag \u2022 producent work\u00f3w big bag \u2022 Libamix","og_description":"Szukasz wytrzyma\u0142ych work\u00f3w Big Bag? Libamix to producent oferuj\u0105cy rozwi\u0105zania szyte na miar\u0119. Sprawd\u017a nasze worki standardowe i na zam\u00f3wienie. Szybka dostawa!","og_url":"https:\/\/big-bag.pl\/en\/","og_site_name":"Libamix","article_modified_time":"2026-02-26T15:34:37+00:00","twitter_card":"summary_large_image","twitter_misc":{"Est. reading time":"14 minutes"},"schema":{"@context":"https:\/\/schema.org","@graph":[{"@type":"WebPage","@id":"https:\/\/big-bag.pl\/","url":"https:\/\/big-bag.pl\/","name":"Worki big bag \u2022 producent work\u00f3w big bag \u2022 Libamix","isPartOf":{"@id":"https:\/\/big-bag.pl\/#website"},"datePublished":"2022-07-25T12:18:40+00:00","dateModified":"2026-02-26T15:34:37+00:00","description":"Szukasz wytrzyma\u0142ych work\u00f3w Big Bag? Libamix to producent oferuj\u0105cy rozwi\u0105zania szyte na miar\u0119. Sprawd\u017a nasze worki standardowe i na zam\u00f3wienie. Szybka dostawa!","breadcrumb":{"@id":"https:\/\/big-bag.pl\/#breadcrumb"},"inLanguage":"en-US","potentialAction":[{"@type":"ReadAction","target":["https:\/\/big-bag.pl\/"]}]},{"@type":"BreadcrumbList","@id":"https:\/\/big-bag.pl\/#breadcrumb","itemListElement":[{"@type":"ListItem","position":1,"name":"Strona g\u0142\u00f3wna","item":"https:\/\/big-bag.pl\/"},{"@type":"ListItem","position":2,"name":"Home"}]},{"@type":"WebSite","@id":"https:\/\/big-bag.pl\/#website","url":"https:\/\/big-bag.pl\/","name":"Libamix","description":"","publisher":{"@id":"https:\/\/big-bag.pl\/#organization"},"potentialAction":[{"@type":"SearchAction","target":{"@type":"EntryPoint","urlTemplate":"https:\/\/big-bag.pl\/?s={search_term_string}"},"query-input":{"@type":"PropertyValueSpecification","valueRequired":true,"valueName":"search_term_string"}}],"inLanguage":"en-US"},{"@type":"Organization","@id":"https:\/\/big-bag.pl\/#organization","name":"Libamix","url":"https:\/\/big-bag.pl\/","logo":{"@type":"ImageObject","inLanguage":"en-US","@id":"https:\/\/big-bag.pl\/#\/schema\/logo\/image\/","url":"https:\/\/big-bag.pl\/wp-content\/uploads\/2023\/11\/cropped-Favicon.png","contentUrl":"https:\/\/big-bag.pl\/wp-content\/uploads\/2023\/11\/cropped-Favicon.png","width":512,"height":512,"caption":"Libamix"},"image":{"@id":"https:\/\/big-bag.pl\/#\/schema\/logo\/image\/"}}]}},"_links":{"self":[{"href":"https:\/\/big-bag.pl\/en\/wp-json\/wp\/v2\/pages\/2","targetHints":{"allow":["GET"]}}],"collection":[{"href":"https:\/\/big-bag.pl\/en\/wp-json\/wp\/v2\/pages"}],"about":[{"href":"https:\/\/big-bag.pl\/en\/wp-json\/wp\/v2\/types\/page"}],"author":[{"embeddable":true,"href":"https:\/\/big-bag.pl\/en\/wp-json\/wp\/v2\/users\/1"}],"replies":[{"embeddable":true,"href":"https:\/\/big-bag.pl\/en\/wp-json\/wp\/v2\/comments?post=2"}],"version-history":[{"count":2,"href":"https:\/\/big-bag.pl\/en\/wp-json\/wp\/v2\/pages\/2\/revisions"}],"predecessor-version":[{"id":27,"href":"https:\/\/big-bag.pl\/en\/wp-json\/wp\/v2\/pages\/2\/revisions\/27"}],"wp:attachment":[{"href":"https:\/\/big-bag.pl\/en\/wp-json\/wp\/v2\/media?parent=2"}],"curies":[{"name":"wp","href":"https:\/\/api.w.org\/{rel}","templated":true}]}}